{"id":30,"date":"2026-03-02T08:55:10","date_gmt":"2026-03-02T01:55:10","guid":{"rendered":"https:\/\/brohgroup.com\/?page_id=30"},"modified":"2026-03-06T11:10:35","modified_gmt":"2026-03-06T04:10:35","slug":"gioi-thieu","status":"publish","type":"page","link":"https:\/\/brohgroup.com\/index.php\/gioi-thieu\/","title":{"rendered":"Gi\u1edbi Thi\u1ec7u"},"content":{"rendered":"\n<p class=\"has-black-color has-text-color has-link-color wp-elements-d55d595894ead119db4a3724dc2daedf\"><strong><u>L\u0129nh v\u1ef1c ho\u1ea1t \u0111\u1ed9ng:<\/u><\/strong><\/p>\n\n\n\n<ul class=\"wp-block-list\">\n<li class=\"has-black-color has-text-color has-link-color wp-elements-564571a1e047f9c2570f27d212b5d55a\">Cung c\u1ea5p v\u00e0 l\u1eafp \u0111\u1eb7t gi\u1ea3i ph\u00e1p camera th\u00f4ng minh.<\/li>\n\n\n\n<li class=\"has-black-color has-text-color has-link-color wp-elements-3f07d757b6a4cc7927559f2c079a5ebd\">Cung c\u1ea5p v\u00e0 l\u1eafp \u0111\u1eb7t gi\u1ea3i ph\u00e1p nh\u00e0 th\u00f4ng minh<\/li>\n\n\n\n<li class=\"has-black-color has-text-color has-link-color wp-elements-b6fa961b4a525a190a3a2c17d6568472\">&nbsp;Cung c\u1ea5p v\u00e0 l\u1eafp \u0111\u1eb7t h\u1ec7 th\u1ed1ng c\u00f4ng ngh\u1ec7 th\u00f4ng tin.<\/li>\n\n\n\n<li class=\"has-black-color has-text-color has-link-color wp-elements-ca6c6dba00c8368dc8b7e6d690e099da\">T\u01b0 v\u1ea5n, thi\u1ebft k\u1ebf v\u00e0 tri\u1ec3n khai x\u00e2y d\u1ef1ng c\u00f4ng t\u00ecnh d\u00e2n d\u1ee5ng.<\/li>\n\n\n\n<li class=\"has-black-color has-text-color has-link-color wp-elements-9a111289f22590b1d7d028e6eef795ad\">Cung c\u1ea5p thi\u1ebft b\u1ecb \u0111i\u1ec7n c\u00e1c hang.<\/li>\n<\/ul>\n\n\n\n<p class=\"has-black-color has-text-color has-link-color wp-elements-92662d21f82d16913e205fde276d43ad\"><strong>C\u00d4NG TY TNHH TH\u01af\u01a0NG M\u1ea0I D\u1ecaCH V\u1ee4 PH\u00c2N PH\u1ed0I KIM H\u1ed2NG NG\u1eccC<\/strong> l\u00e0 c\u00f4ng ty cung c\u1ea5p gi\u1ea3i ph\u00e1p to\u00e0n di\u1ec7n v\u1ec1 camera, nh\u00e0 th\u00f4ng minh v\u00e0 h\u1ec7 th\u1ed1ng c\u00f4ng ngh\u1ec7 th\u00f4ng tin. Ch\u00fang t\u00f4i k\u1ebft h\u1ee3p s\u1ef1 s\u00e1ng t\u1ea1o v\u00e0 chuy\u00ean m\u00f4n \u0111\u1ec3 \u0111\u00e1p \u1ee9ng nhu c\u1ea7u ng\u00e0y c\u00e0ng cao c\u1ee7a kh\u00e1ch h\u00e0ng trong vi\u1ec7c n\u00e2ng cao s\u1ef1 an to\u00e0n, ti\u1ec7n nghi v\u00e0 hi\u1ec7u su\u1ea5t l\u00e0m vi\u1ec7c th\u00f4ng qua c\u00f4ng ngh\u1ec7.<\/p>\n\n\n\n<p class=\"has-black-color has-text-color has-link-color wp-elements-3e86cae9a5b8a9693ff14631e395adcf\"><strong>D\u1ecbch v\u1ee5:<\/strong><\/p>\n\n\n\n<ol style=\"list-style-type:upper-roman\" class=\"wp-block-list\">\n<li class=\"has-black-color has-text-color has-link-color wp-elements-9d2030e8d958e25aea182fccafa92c6d\"><strong><u>H\u1ec7 th\u1ed1ng camera gi\u00e1m s\u00e1t: <\/u><\/strong>cung c\u1ea5p c\u00e1c gi\u1ea3i ph\u00e1p camera gi\u00e1m s\u00e1t ch\u1ea5t l\u01b0\u1ee3ng cao. Ch\u00fang t\u00f4i cung c\u1ea5p d\u1ecbch v\u1ee5 thi\u1ebft k\u1ebf, l\u1eafp \u0111\u1eb7t v\u00e0 b\u1ea3o tr\u00ec h\u1ec7 th\u1ed1ng camera gi\u00e1m s\u00e1t cho c\u00e1c kh\u00e1ch h\u00e0ng t\u1ea1i c\u1ea3 c\u00e1c doanh nghi\u1ec7p v\u00e0 c\u00e1 nh\u00e2n. V\u1edbi \u0111\u1ed9i ng\u0169 k\u1ef9 thu\u1eadt vi\u00ean gi\u00e0u kinh nghi\u1ec7m v\u00e0 ki\u1ebfn th\u1ee9c chuy\u00ean m\u00f4n, ch\u00fang t\u00f4i cam k\u1ebft mang \u0111\u1ebfn cho kh\u00e1ch h\u00e0ng s\u1ef1 an to\u00e0n v\u00e0 an ninh t\u1ed1i \u01b0u th\u00f4ng qua c\u00e1c gi\u1ea3i ph\u00e1p camera th\u00f4ng minh.<\/li>\n<\/ol>\n\n\n\n<ul class=\"wp-block-list\">\n<li class=\"has-black-color has-text-color has-link-color wp-elements-65df8d796170ffe13168e81cb1e2ed2f\">Thi\u1ebft k\u1ebf h\u1ec7 th\u1ed1ng camera gi\u00e1m s\u00e1t: Ch\u00fang t\u00f4i \u0111\u01b0a ra c\u00e1c gi\u1ea3i ph\u00e1p thi\u1ebft k\u1ebf h\u1ec7 th\u1ed1ng camera gi\u00e1m s\u00e1t t\u00f9y ch\u1ec9nh d\u1ef1a tr\u00ean nhu c\u1ea7u v\u00e0 y\u00eau c\u1ea7u c\u1ee5 th\u1ec3 c\u1ee7a kh\u00e1ch h\u00e0ng. Ch\u00fang t\u00f4i xem x\u00e9t c\u00e1c y\u1ebfu t\u1ed1 nh\u01b0 k\u00edch th\u01b0\u1edbc khu v\u1ef1c, m\u1ee5c ti\u00eau gi\u00e1m s\u00e1t, v\u00e0 c\u00e1c y\u00eau c\u1ea7u k\u1ef9 thu\u1eadt \u0111\u1ec3 \u0111\u1ea3m b\u1ea3o hi\u1ec7u qu\u1ea3 v\u00e0 \u0111\u1ed9 tin c\u1eady cao nh\u1ea5t cho h\u1ec7 th\u1ed1ng.<\/li>\n\n\n\n<li class=\"has-black-color has-text-color has-link-color wp-elements-835a890e74efbdc1d31b59235fd0f41e\">L\u1eafp \u0111\u1eb7t v\u00e0 c\u1ea5u h\u00ecnh: Ch\u00fang t\u00f4i c\u00f3 \u0111\u1ed9i ng\u0169 k\u1ef9 thu\u1eadt vi\u00ean c\u00f3 k\u1ef9 n\u0103ng v\u00e0 kinh nghi\u1ec7m l\u1eafp \u0111\u1eb7t camera gi\u00e1m s\u00e1t. Ch\u00fang t\u00f4i s\u1ebd \u0111\u1ea3m b\u1ea3o vi\u1ec7c l\u1eafp \u0111\u1eb7t c\u00e1c thi\u1ebft b\u1ecb di\u1ec5n ra m\u1ed9t c\u00e1ch ch\u00ednh x\u00e1c v\u00e0 chuy\u00ean nghi\u1ec7p. Ngo\u00e0i ra, ch\u00fang t\u00f4i c\u0169ng c\u1ea5u h\u00ecnh h\u1ec7 th\u1ed1ng \u0111\u1ec3 \u0111\u1ea3m b\u1ea3o ho\u1ea1t \u0111\u1ed9ng t\u1ed1i \u01b0u v\u00e0 t\u00edch h\u1ee3p v\u1edbi c\u00e1c n\u1ec1n t\u1ea3ng gi\u00e1m s\u00e1t v\u00e0 ghi h\u00ecnh.<\/li>\n\n\n\n<li class=\"has-black-color has-text-color has-link-color wp-elements-fb2b91d41de6d52fb98ed680529ee63b\">B\u1ea3o tr\u00ec v\u00e0 h\u1ed7 tr\u1ee3 k\u1ef9 thu\u1eadt: Ch\u00fang t\u00f4i cung c\u1ea5p d\u1ecbch v\u1ee5 b\u1ea3o tr\u00ec \u0111\u1ecbnh k\u1ef3 v\u00e0 h\u1ed7 tr\u1ee3 k\u1ef9 thu\u1eadt sau khi l\u1eafp \u0111\u1eb7t. \u0110\u1ed9i ng\u0169 k\u1ef9 thu\u1eadt vi\u00ean c\u1ee7a ch\u00fang t\u00f4i s\u1ebd th\u01b0\u1eddng xuy\u00ean ki\u1ec3m tra v\u00e0 b\u1ea3o tr\u00ec h\u1ec7 th\u1ed1ng ( tr\u1ef1c ti\u1ebfp v\u00e0 t\u1eeb xa ) \u0111\u1ec3 \u0111\u1ea3m b\u1ea3o h\u1ec7 th\u1ed1ng c\u1ee7a kh\u00e1ch hang ho\u1ea1t \u0111\u1ed9ng \u1ed5n \u0111\u1ecbnh v\u00e0 hi\u1ec7u qu\u1ea3. N\u1ebfu kh\u00e1ch h\u00e0ng g\u1eb7p b\u1ea5t k\u1ef3 v\u1ea5n \u0111\u1ec1 n\u00e0o, ch\u00fang t\u00f4i s\u1eb5n l\u00f2ng cung c\u1ea5p h\u1ed7 tr\u1ee3 k\u1ef9 thu\u1eadt v\u00e0 gi\u1ea3i quy\u1ebft s\u1ef1 c\u1ed1 m\u1ed9t c\u00e1ch nhanh ch\u00f3ng.<\/li>\n<\/ul>\n\n\n\n<ol style=\"list-style-type:upper-roman\" class=\"wp-block-list\">\n<li class=\"has-black-color has-text-color has-link-color wp-elements-f24069b19931d499635ef70787ae8109\"><strong><u>H\u1ec7 th\u1ed1ng nh\u00e0 th\u00f4ng minh<\/u><\/strong>: c\u1ea5p gi\u1ea3i ph\u00e1p nh\u00e0 th\u00f4ng minh ti\u00ean ti\u1ebfn \u0111\u1ec3 mang l\u1ea1i s\u1ef1 ti\u1ec7n nghi, an ninh v\u00e0 ti\u1ebft ki\u1ec7m n\u0103ng l\u01b0\u1ee3ng cho kh\u00e1ch h\u00e0ng. T\u1eeb h\u1ec7 th\u1ed1ng \u0111\u00e8n th\u00f4ng minh, thi\u1ebft b\u1ecb \u0111i\u1ec1u khi\u1ec3n t\u1eeb xa \u0111\u1ebfn t\u1ef1 \u0111\u1ed9ng h\u00f3a h\u1ec7 th\u1ed1ng an ninh, ch\u00fang t\u00f4i t\u1ea1o ra m\u1ed9t m\u00f4i tr\u01b0\u1eddng s\u1ed1ng th\u00f4ng minh v\u00e0 hi\u1ec7n \u0111\u1ea1i.<\/li>\n<\/ol>\n\n\n\n<ul class=\"wp-block-list\">\n<li class=\"has-black-color has-text-color has-link-color wp-elements-0e51dfee247f53ab532e1ea6b45dd06d\">Thi\u1ebft k\u1ebf h\u1ec7 th\u1ed1ng nh\u00e0 th\u00f4ng minh: Ch\u00fang t\u00f4i \u0111\u01b0a ra c\u00e1c gi\u1ea3i ph\u00e1p thi\u1ebft k\u1ebf nh\u00e0 th\u00f4ng minh t\u00f9y ch\u1ec9nh, d\u1ef1a tr\u00ean y\u00eau c\u1ea7u v\u00e0 nhu c\u1ea7u c\u1ee5 th\u1ec3 c\u1ee7a t\u1eebng kh\u00e1ch h\u00e0ng. Ch\u00fang t\u00f4i t\u01b0 v\u1ea5n v\u00e0 thi\u1ebft k\u1ebf h\u1ec7 th\u1ed1ng t\u00edch h\u1ee3p c\u00e1c thi\u1ebft b\u1ecb nh\u01b0 h\u1ec7 th\u1ed1ng chi\u1ebfu s\u00e1ng, \u00e2m thanh, \u0111i\u1ec1u khi\u1ec3n nhi\u1ec7t \u0111\u1ed9, an ninh, v\u00e0 c\u00e1c thi\u1ebft b\u1ecb \u0111i\u1ec7n t\u1eed kh\u00e1c \u0111\u1ec3 t\u1ea1o ra m\u1ed9t m\u00f4i tr\u01b0\u1eddng s\u1ed1ng th\u00f4ng minh v\u00e0 ti\u1ec7n nghi.<\/li>\n\n\n\n<li class=\"has-black-color has-text-color has-link-color wp-elements-b12a340f568b988c348ab2ddf34d7195\">L\u1eafp \u0111\u1eb7t v\u00e0 t\u00edch h\u1ee3p: Ch\u00fang t\u00f4i c\u00f3 \u0111\u1ed9i ng\u0169 k\u1ef9 thu\u1eadt vi\u00ean gi\u00e0u kinh nghi\u1ec7m v\u00e0 chuy\u00ean m\u00f4n v\u1ec1 l\u1eafp \u0111\u1eb7t v\u00e0 t\u00edch h\u1ee3p h\u1ec7 th\u1ed1ng nh\u00e0 th\u00f4ng minh. Ch\u00fang t\u00f4i \u0111\u1ea3m b\u1ea3o vi\u1ec7c l\u1eafp \u0111\u1eb7t c\u00e1c thi\u1ebft b\u1ecb v\u00e0 c\u1ea5u h\u00ecnh h\u1ec7 th\u1ed1ng di\u1ec5n ra m\u1ed9t c\u00e1ch ch\u00ednh x\u00e1c v\u00e0 ho\u00e0n h\u1ea3o. T\u1eeb vi\u1ec7c k\u1ebft n\u1ed1i v\u00e0 c\u00e0i \u0111\u1eb7t c\u00e1c thi\u1ebft b\u1ecb, c\u1ea3m bi\u1ebfn \u0111\u1ebfn vi\u1ec7c t\u1ea1o ra giao di\u1ec7n \u0111i\u1ec1u khi\u1ec3n thu\u1eadn ti\u1ec7n, ch\u00fang t\u00f4i \u0111\u1ea3m b\u1ea3o h\u1ec7 th\u1ed1ng nh\u00e0 th\u00f4ng minh ho\u1ea1t \u0111\u1ed9ng m\u1ed9t c\u00e1ch li\u00ean t\u1ee5c v\u00e0 hi\u1ec7u qu\u1ea3.<\/li>\n\n\n\n<li class=\"has-black-color has-text-color has-link-color wp-elements-c051831b88aba221570a3ddd7b3d6ff2\">\u0110\u00e0o t\u1ea1o v\u00e0 h\u1ed7 tr\u1ee3 kh\u00e1ch h\u00e0ng: Ch\u00fang t\u00f4i cung c\u1ea5p \u0111\u00e0o t\u1ea1o v\u00e0 h\u01b0\u1edbng d\u1eabn kh\u00e1ch h\u00e0ng s\u1eed d\u1ee5ng h\u1ec7 th\u1ed1ng nh\u00e0 th\u00f4ng minh. \u0110\u1ed9i ng\u0169 k\u1ef9 thu\u1eadt vi\u00ean c\u1ee7a ch\u00fang t\u00f4i s\u1ebd h\u01b0\u1edbng d\u1eabn kh\u00e1ch h\u00e0ng v\u1ec1 c\u00e1ch s\u1eed d\u1ee5ng giao di\u1ec7n \u0111i\u1ec1u khi\u1ec3n, c\u00e0i \u0111\u1eb7t \u1ee9ng d\u1ee5ng di \u0111\u1ed9ng v\u00e0 t\u1eadn d\u1ee5ng t\u1ed1i \u0111a c\u00e1c t\u00ednh n\u0103ng c\u1ee7a h\u1ec7 th\u1ed1ng. Ngo\u00e0i ra, ch\u00fang t\u00f4i cung c\u1ea5p h\u1ed7 tr\u1ee3 k\u1ef9 thu\u1eadt v\u00e0 b\u1ea3o tr\u00ec \u0111\u1ec3 \u0111\u1ea3m b\u1ea3o s\u1ef1 ho\u1ea1t \u0111\u1ed9ng \u1ed5n \u0111\u1ecbnh c\u1ee7a h\u1ec7 th\u1ed1ng nh\u00e0 th\u00f4ng minh.<\/li>\n<\/ul>\n\n\n\n<ol style=\"list-style-type:upper-roman\" class=\"wp-block-list\">\n<li class=\"has-black-color has-text-color has-link-color wp-elements-0fe8108730dba043846acb4992175f97\"><strong><u>H\u1ec7 th\u1ed1ng c\u00f4ng ngh\u1ec7 th\u00f4ng tin:<\/u><\/strong> cung c\u1ea5p gi\u1ea3i ph\u00e1p v\u00e0 d\u1ecbch v\u1ee5 v\u1ec1 h\u1ea1 t\u1ea7ng m\u1ea1ng, l\u01b0u tr\u1eef d\u1eef li\u1ec7u, qu\u1ea3n l\u00fd h\u1ec7 th\u1ed1ng v\u00e0 b\u1ea3o m\u1eadt th\u00f4ng tin. Ch\u00fang t\u00f4i thi\u1ebft k\u1ebf v\u00e0 tri\u1ec3n khai h\u1ec7 th\u1ed1ng c\u00f4ng ngh\u1ec7 th\u00f4ng tin ph\u00f9 h\u1ee3p v\u1edbi y\u00eau c\u1ea7u c\u1ee7a kh\u00e1ch h\u00e0ng, \u0111\u1ea3m b\u1ea3o s\u1ef1 \u1ed5n \u0111\u1ecbnh, b\u1ea3o m\u1eadt v\u00e0 hi\u1ec7u su\u1ea5t cao.<\/li>\n<\/ol>\n\n\n\n<ul class=\"wp-block-list\">\n<li class=\"has-black-color has-text-color has-link-color wp-elements-9db50a6a72839d532faa8d3289105c84\">Thi\u1ebft k\u1ebf v\u00e0 tri\u1ec3n khai h\u1ec7 th\u1ed1ng: Ch\u00fang t\u00f4i c\u00f3 \u0111\u1ed9i ng\u0169 k\u1ef9 s\u01b0 v\u00e0 chuy\u00ean gia gi\u00e0u kinh nghi\u1ec7m trong vi\u1ec7c thi\u1ebft k\u1ebf v\u00e0 tri\u1ec3n khai h\u1ec7 th\u1ed1ng c\u00f4ng ngh\u1ec7 th\u00f4ng tin ph\u00f9 h\u1ee3p v\u1edbi nhu c\u1ea7u v\u00e0 m\u1ee5c ti\u00eau kinh doanh c\u1ee7a kh\u00e1ch h\u00e0ng. Ch\u00fang t\u00f4i cam k\u1ebft \u0111\u1ea3m b\u1ea3o t\u00ednh \u1ed5n \u0111\u1ecbnh, an ninh v\u00e0 hi\u1ec7u su\u1ea5t cao cho h\u1ec7 th\u1ed1ng.<\/li>\n\n\n\n<li class=\"has-black-color has-text-color has-link-color wp-elements-9075ad79923f8371cebcf0d440b5e97f\">Qu\u1ea3n l\u00fd d\u1ef1 \u00e1n: Ch\u00fang t\u00f4i s\u1edf h\u1eefu quy tr\u00ecnh qu\u1ea3n l\u00fd d\u1ef1 \u00e1n chuy\u00ean nghi\u1ec7p, gi\u00fap \u0111\u1ea3m b\u1ea3o s\u1ef1 th\u00e0nh c\u00f4ng v\u00e0 ti\u1ebfn \u0111\u1ed9 chu\u1ea9n x\u00e1c cho c\u00e1c d\u1ef1 \u00e1n c\u00f4ng ngh\u1ec7 th\u00f4ng tin. Ch\u00fang t\u00f4i t\u1eadn d\u1ee5ng c\u00e1c ph\u01b0\u01a1ng ph\u00e1p qu\u1ea3n l\u00fd hi\u1ec7n \u0111\u1ea1i \u0111\u1ec3 \u0111\u1ea3m b\u1ea3o vi\u1ec7c tri\u1ec3n khai d\u1ef1 \u00e1n m\u1ed9t c\u00e1ch hi\u1ec7u qu\u1ea3 v\u00e0 \u0111\u00e1ng tin c\u1eady.<\/li>\n\n\n\n<li class=\"has-black-color has-text-color has-link-color wp-elements-83711610f17f650ba906bdf815ada8ba\">T\u01b0 v\u1ea5n v\u00e0 h\u1ed7 tr\u1ee3: Ch\u00fang t\u00f4i cung c\u1ea5p d\u1ecbch v\u1ee5 t\u01b0 v\u1ea5n chuy\u00ean s\u00e2u v\u1ec1 c\u00f4ng ngh\u1ec7 th\u00f4ng tin \u0111\u1ec3 gi\u00fap kh\u00e1ch h\u00e0ng hi\u1ec3u r\u00f5 h\u01a1n v\u1ec1 c\u00e1c gi\u1ea3i ph\u00e1p c\u00f4ng ngh\u1ec7 ph\u00f9 h\u1ee3p cho doanh nghi\u1ec7p c\u1ee7a h\u1ecd. B\u00ean c\u1ea1nh \u0111\u00f3, ch\u00fang t\u00f4i c\u00f3 \u0111\u1ed9i ng\u0169 h\u1ed7 tr\u1ee3 k\u1ef9 thu\u1eadt chuy\u00ean nghi\u1ec7p, s\u1eb5n s\u00e0ng h\u1ed7 tr\u1ee3 kh\u00e1ch h\u00e0ng trong vi\u1ec7c gi\u1ea3i quy\u1ebft c\u00e1c v\u1ea5n \u0111\u1ec1 k\u1ef9 thu\u1eadt v\u00e0 \u0111\u1ea3m b\u1ea3o ho\u1ea1t \u0111\u1ed9ng li\u00ean t\u1ee5c c\u1ee7a h\u1ec7 th\u1ed1ng.<\/li>\n<\/ul>\n\n\n\n<p class=\"has-black-color has-text-color has-link-color wp-elements-04b92cdba42656c37a7e09a9836eb639\"><strong>Cam k\u1ebft ch\u1ea5t l\u01b0\u1ee3ng:<\/strong> Ch\u00fang t\u00f4i cam k\u1ebft mang \u0111\u1ebfn cho kh\u00e1ch h\u00e0ng d\u1ecbch v\u1ee5 v\u00e0 s\u1ea3n ph\u1ea9m ch\u1ea5t l\u01b0\u1ee3ng cao nh\u1ea5t. Ch\u00fang t\u00f4i lu\u00f4n s\u1eed d\u1ee5ng c\u00e1c thi\u1ebft b\u1ecb v\u00e0 c\u00f4ng ngh\u1ec7 ti\u00ean ti\u1ebfn nh\u1ea5t \u0111\u1ec3 \u0111\u1ea3m b\u1ea3o t\u00ednh \u1ed5n \u0111\u1ecbnh, \u0111\u1ed9 tin c\u1eady v\u00e0 hi\u1ec7u su\u1ea5t t\u1ed1i \u0111a cho c\u00e1c h\u1ec7 th\u1ed1ng m\u00e0 ch\u00fang t\u00f4i tri\u1ec3n khai. \u0110\u1ed9i ng\u0169 k\u1ef9 thu\u1eadt vi\u00ean gi\u00e0u kinh nghi\u1ec7m c\u1ee7a ch\u00fang t\u00f4i s\u1ebd \u0111\u1ea3m b\u1ea3o qu\u00e1 tr\u00ecnh tri\u1ec3n khai v\u00e0 h\u1ed7 tr\u1ee3 k\u1ef9 thu\u1eadt di\u1ec5n ra m\u1ed9t c\u00e1ch chuy\u00ean nghi\u1ec7p v\u00e0 nhanh ch\u00f3ng.<\/p>\n\n\n\n<p class=\"has-black-color has-text-color has-link-color wp-elements-4a88f4440af1a85767253abb7fc8c523\"><strong>M\u1ee5c ti\u00eau c\u1ee7a ch\u00fang t\u00f4i:<\/strong> Ch\u00fang t\u00f4i cam k\u1ebft \u0111em \u0111\u1ebfn s\u1ef1 h\u00e0i l\u00f2ng tuy\u1ec7t \u0111\u1ed1i cho kh\u00e1ch h\u00e0ng th\u00f4ng qua vi\u1ec7c cung c\u1ea5p c\u00e1c gi\u1ea3i ph\u00e1p c\u00f4ng ngh\u1ec7 cao, \u0111\u00e1ng tin c\u1eady v\u00e0 hi\u1ec7u qu\u1ea3. Ch\u00fang t\u00f4i kh\u00f4ng ch\u1ec9 x\u00e2y d\u1ef1ng c\u00e1c h\u1ec7 th\u1ed1ng c\u00f4ng ngh\u1ec7 th\u00f4ng tin, camera v\u00e0 nh\u00e0 th\u00f4ng minh, m\u00e0 c\u00f2n t\u1ea1o ra m\u1ed9t m\u00f4i tr\u01b0\u1eddng s\u1ed1ng v\u00e0 l\u00e0m vi\u1ec7c an to\u00e0n, th\u00f4ng minh v\u00e0 ti\u1ec7n nghi cho kh\u00e1ch h\u00e0ng c\u1ee7a m\u00ecnh.<\/p>\n\n\n\n<p class=\"has-black-color has-text-color has-link-color wp-elements-bfd2fea0009c28bf09b7436af6a0801f\"><strong>C\u00d4NG TY TNHH TH\u01af\u01a0NG M\u1ea0I D\u1ecaCH V\u1ee4 PH\u00c2N PH\u1ed0I KIM H\u1ed2NG NG\u1eccC<\/strong><\/p>\n\n\n\n<p class=\"has-black-color has-text-color has-link-color wp-elements-9ad4b03db3fd7ba0eda7049f48f8afd0\"><strong>\u0110\u1ecba ch\u1ec9: 70 V\u0129nh Vi\u1ec5n, Ph\u01b0\u1eddng 02, Qu\u1eadn 10, TP HCM<\/strong><\/p>\n\n\n\n<p class=\"has-black-color has-text-color has-link-color wp-elements-650da987f6c847760809d30ec39d8581\"><strong>MST: 0316697147<\/strong><\/p>\n\n\n\n<p class=\"has-black-color has-text-color has-link-color wp-elements-f00a8d63cfa44353b9c2469bedf8dfa2\">Li\u00ean H\u1ec7: 0909048090 Mr Hi\u1ec7p<\/p>\n\n\n\n<p><\/p>\n\n\n\n<p><\/p>\n","protected":false},"excerpt":{"rendered":"<p>L\u0129nh v\u1ef1c ho\u1ea1t \u0111\u1ed9ng: C\u00d4NG TY TNHH TH\u01af\u01a0NG M\u1ea0I D\u1ecaCH V\u1ee4 PH\u00c2N PH\u1ed0I KIM H\u1ed2NG NG\u1eccC l\u00e0 c\u00f4ng ty cung c\u1ea5p gi\u1ea3i ph\u00e1p to\u00e0n di\u1ec7n v\u1ec1 camera, nh\u00e0 th\u00f4ng minh v\u00e0 h\u1ec7 th\u1ed1ng c\u00f4ng ngh\u1ec7 th\u00f4ng tin. Ch\u00fang t\u00f4i k\u1ebft h\u1ee3p s\u1ef1 s\u00e1ng t\u1ea1o v\u00e0 chuy\u00ean m\u00f4n \u0111\u1ec3 \u0111\u00e1p \u1ee9ng nhu c\u1ea7u ng\u00e0y c\u00e0ng cao [&hellip;]<\/p>\n","protected":false},"author":1,"featured_media":36,"parent":0,"menu_order":0,"comment_status":"closed","ping_status":"closed","template":"page-template\/custom-home-page.php","meta":{"_vp_format_video_url":"","_vp_image_focal_point":[],"footnotes":""},"class_list":["post-30","page","type-page","status-publish","has-post-thumbnail","hentry"],"_links":{"self":[{"href":"https:\/\/brohgroup.com\/index.php\/wp-json\/wp\/v2\/pages\/30","targetHints":{"allow":["GET"]}}],"collection":[{"href":"https:\/\/brohgroup.com\/index.php\/wp-json\/wp\/v2\/pages"}],"about":[{"href":"https:\/\/brohgroup.com\/index.php\/wp-json\/wp\/v2\/types\/page"}],"author":[{"embeddable":true,"href":"https:\/\/brohgroup.com\/index.php\/wp-json\/wp\/v2\/users\/1"}],"replies":[{"embeddable":true,"href":"https:\/\/brohgroup.com\/index.php\/wp-json\/wp\/v2\/comments?post=30"}],"version-history":[{"count":13,"href":"https:\/\/brohgroup.com\/index.php\/wp-json\/wp\/v2\/pages\/30\/revisions"}],"predecessor-version":[{"id":239,"href":"https:\/\/brohgroup.com\/index.php\/wp-json\/wp\/v2\/pages\/30\/revisions\/239"}],"wp:featuredmedia":[{"embeddable":true,"href":"https:\/\/brohgroup.com\/index.php\/wp-json\/wp\/v2\/media\/36"}],"wp:attachment":[{"href":"https:\/\/brohgroup.com\/index.php\/wp-json\/wp\/v2\/media?parent=30"}],"curies":[{"name":"wp","href":"https:\/\/api.w.org\/{rel}","templated":true}]}}